{"id":3538,"date":"2024-07-30T15:35:11","date_gmt":"2024-07-30T13:35:11","guid":{"rendered":"https:\/\/www.sabinekatzmair.com\/?page_id=3538"},"modified":"2025-11-13T17:29:33","modified_gmt":"2025-11-13T16:29:33","slug":"der-payroll-podcast","status":"publish","type":"page","link":"https:\/\/www.sabinekatzmair.com\/en\/der-payroll-podcast\/","title":{"rendered":"DER PAYROLL PODCAST"},"content":{"rendered":"\t\t<div data-elementor-type=\"wp-page\" data-elementor-id=\"3538\" class=\"elementor elementor-3538 elementor-3286\" data-elementor-post-type=\"page\">\n\t\t\t\t<div class=\"elementor-element elementor-element-5fb77b03 e-grid e-con-full e-con e-parent\" data-id=\"5fb77b03\" data-element_type=\"container\" data-e-type=\"container\" data-settings=\"{&quot;background_background&quot;:&quot;classic&quot;}\">\n\t\t\t\t<div class=\"elementor-element elementor-element-75a81b1d elementor-widget elementor-widget-image\" data-id=\"75a81b1d\" data-element_type=\"widget\" data-e-type=\"widget\" data-widget_type=\"image.default\">\n\t\t\t\t<div class=\"elementor-widget-container\">\n\t\t\t\t\t\t\t\t\t\t\t\t\t\t\t<img decoding=\"async\" width=\"1320\" height=\"599\" src=\"https:\/\/www.sabinekatzmair.com\/wp-content\/uploads\/2024\/07\/DER-PAYROLL-PODCAST_1320_599-1.png\" class=\"attachment-full size-full wp-image-4941\" alt=\"\" srcset=\"https:\/\/www.sabinekatzmair.com\/wp-content\/uploads\/2024\/07\/DER-PAYROLL-PODCAST_1320_599-1.png 1320w, https:\/\/www.sabinekatzmair.com\/wp-content\/uploads\/2024\/07\/DER-PAYROLL-PODCAST_1320_599-1-300x136.png 300w, https:\/\/www.sabinekatzmair.com\/wp-content\/uploads\/2024\/07\/DER-PAYROLL-PODCAST_1320_599-1-1024x465.png 1024w, https:\/\/www.sabinekatzmair.com\/wp-content\/uploads\/2024\/07\/DER-PAYROLL-PODCAST_1320_599-1-768x349.png 768w\" sizes=\"(max-width: 1320px) 100vw, 1320px\" \/>\t\t\t\t\t\t\t\t\t\t\t\t\t\t\t<\/div>\n\t\t\t\t<\/div>\n\t\t<div class=\"elementor-element elementor-element-5d8a5c0 e-flex e-con-boxed e-con e-child\" data-id=\"5d8a5c0\" data-element_type=\"container\" data-e-type=\"container\">\n\t\t\t\t\t<div class=\"e-con-inner\">\n\t\t\t\t<div class=\"elementor-element elementor-element-9694518 elementor-widget elementor-widget-heading\" data-id=\"9694518\" data-element_type=\"widget\" data-e-type=\"widget\" data-widget_type=\"heading.default\">\n\t\t\t\t<div class=\"elementor-widget-container\">\n\t\t\t\t\t<h2 class=\"elementor-heading-title elementor-size-default\">For Payroll Insider - <\/h2>\t\t\t\t<\/div>\n\t\t\t\t<\/div>\n\t\t\t\t<div class=\"elementor-element elementor-element-78b85bb elementor-widget elementor-widget-heading\" data-id=\"78b85bb\" data-element_type=\"widget\" data-e-type=\"widget\" data-widget_type=\"heading.default\">\n\t\t\t\t<div class=\"elementor-widget-container\">\n\t\t\t\t\t<h2 class=\"elementor-heading-title elementor-size-default\">Listen to the future of payroll!<\/h2>\t\t\t\t<\/div>\n\t\t\t\t<\/div>\n\t\t\t\t\t<\/div>\n\t\t\t\t<\/div>\n\t\t\t\t<\/div>\n\t\t<div class=\"elementor-element elementor-element-f52ed08 e-flex e-con-boxed e-con e-parent\" data-id=\"f52ed08\" data-element_type=\"container\" data-e-type=\"container\">\n\t\t\t\t\t<div class=\"e-con-inner\">\n\t\t\t\t<div class=\"elementor-element elementor-element-772d23f elementor-widget elementor-widget-spacer\" data-id=\"772d23f\" data-element_type=\"widget\" data-e-type=\"widget\" data-widget_type=\"spacer.default\">\n\t\t\t\t<div class=\"elementor-widget-container\">\n\t\t\t\t\t\t\t<div class=\"elementor-spacer\">\n\t\t\t<div class=\"elementor-spacer-inner\"><\/div>\n\t\t<\/div>\n\t\t\t\t\t\t<\/div>\n\t\t\t\t<\/div>\n\t\t\t\t<div class=\"elementor-element elementor-element-a8ecbaf elementor-position-inline-start elementor-view-default elementor-mobile-position-block-start elementor-widget elementor-widget-icon-box\" data-id=\"a8ecbaf\" data-element_type=\"widget\" data-e-type=\"widget\" data-widget_type=\"icon-box.default\">\n\t\t\t\t<div class=\"elementor-widget-container\">\n\t\t\t\t\t\t\t<div class=\"elementor-icon-box-wrapper\">\n\n\t\t\t\t\t\t<div class=\"elementor-icon-box-icon\">\n\t\t\t\t<span  class=\"elementor-icon\">\n\t\t\t\t<i aria-hidden=\"true\" class=\"fas fa-podcast\"><\/i>\t\t\t\t<\/span>\n\t\t\t<\/div>\n\t\t\t\n\t\t\t\t\t\t<div class=\"elementor-icon-box-content\">\n\n\t\t\t\t\t\t\t\t\t<h1 class=\"elementor-icon-box-title\">\n\t\t\t\t\t\t<span  >\n\t\t\t\t\t\t\tDer Payroll PodcasT\t\t\t\t\t\t<\/span>\n\t\t\t\t\t<\/h1>\n\t\t\t\t\n\t\t\t\t\n\t\t\t<\/div>\n\t\t\t\n\t\t<\/div>\n\t\t\t\t\t\t<\/div>\n\t\t\t\t<\/div>\n\t\t\t\t<div class=\"elementor-element elementor-element-c9e4052 elementor-widget elementor-widget-text-editor\" data-id=\"c9e4052\" data-element_type=\"widget\" data-e-type=\"widget\" data-widget_type=\"text-editor.default\">\n\t\t\t\t<div class=\"elementor-widget-container\">\n\t\t\t\t\t\t\t\t\t<p>In January 2022, I started my own podcast on payroll topics. This was the first\u00a0 podcast on payroll\u00a0 in Germany.<\/p>\n<p>Episode 1 to 7 is in German Language. Episode 8 is in English!<\/p>\n<p>Immerse yourself in the future of payroll with The Payroll Podcast. Each episode focuses on the latest trends and developments in Payroll 4.0 &#8211; including digitalization, artificial intelligence and innovative management approaches. With interesting interview partners from the German and international payroll world, I explore the future of payroll.<\/p>\n<p>Available on <a href=\"https:\/\/podcasters.spotify.com\/pod\/show\/sabine-katzmair\">Spotify<\/a>, <a href=\"https:\/\/podcasts.apple.com\/de\/podcast\/der-payroll-podcast\/id1603198591\">Apple Podcasts<\/a>, <a href=\"http:\/\/www.youtube.com\/@derpayrollpodcast4969\">Youtube<\/a> und <a href=\"https:\/\/music.amazon.de\/podcasts\/0c49bbf1-fa8a-492e-a2eb-7623927de594\/der-payroll-podcast\">Amazon Music<\/a>! Listen in!<\/p>\t\t\t\t\t\t\t\t<\/div>\n\t\t\t\t<\/div>\n\t\t\t\t<div class=\"elementor-element elementor-element-0f73b48 uael-post__link-complete-yes uael-post__arrow-outside elementor-widget elementor-widget-uael-posts\" data-id=\"0f73b48\" data-element_type=\"widget\" data-e-type=\"widget\" data-settings=\"{&quot;classic_slides_to_show&quot;:3,&quot;classic_slides_to_show_tablet&quot;:2,&quot;classic_slides_to_show_mobile&quot;:1}\" data-widget_type=\"uael-posts.classic\">\n\t\t\t\t<div class=\"elementor-widget-container\">\n\t\t\t\t\t\t\t<div class=\"uael-post__header\">\n\t\t\t\t\t<\/div>\n\t\t<div class=\"uael-post__body\">\n\t\t\t\n\t\t\n\t\t<div class=\"uael-blog-terms-position- uael-post-image-top uael-post-grid uael-posts\" data-query-type=\"custom\" data-structure=\"carousel\" data-layout=\"\" data-page=\"3538\" data-skin=\"classic\" data-filter-default=\"\" data-offset-top=\"30\" data-post_slider=\"{&quot;slidesToShow&quot;:3,&quot;slidesToScroll&quot;:1,&quot;autoplaySpeed&quot;:5000,&quot;autoplay&quot;:true,&quot;infinite&quot;:true,&quot;pauseOnHover&quot;:true,&quot;speed&quot;:500,&quot;arrows&quot;:true,&quot;dots&quot;:true,&quot;rtl&quot;:false,&quot;prevArrow&quot;:&quot;&lt;button type=\\&quot;button\\&quot; data-role=\\&quot;none\\&quot; class=\\&quot;slick-prev\\&quot; aria-label=\\&quot;Previous\\&quot; tabindex=\\&quot;0\\&quot; role=\\&quot;button\\&quot;&gt;&lt;i class=\\&quot;fa fa-angle-left\\&quot;&gt;&lt;\\\/i&gt;&lt;\\\/button&gt;&quot;,&quot;nextArrow&quot;:&quot;&lt;button type=\\&quot;button\\&quot; data-role=\\&quot;none\\&quot; class=\\&quot;slick-next\\&quot; aria-label=\\&quot;Next\\&quot; tabindex=\\&quot;0\\&quot; role=\\&quot;button\\&quot;&gt;&lt;i class=\\&quot;fa fa-angle-right\\&quot;&gt;&lt;\\\/i&gt;&lt;\\\/button&gt;&quot;,&quot;responsive&quot;:[{&quot;breakpoint&quot;:1024,&quot;settings&quot;:{&quot;slidesToShow&quot;:2,&quot;slidesToScroll&quot;:1}},{&quot;breakpoint&quot;:767,&quot;settings&quot;:{&quot;slidesToShow&quot;:1,&quot;slidesToScroll&quot;:1}}]}\" data-equal-height=\"yes\" data-post-count=\"4\">\n\n\t\t\t\t\t\t\t<div class=\"uael-post-grid__inner uael-post__columns-3 uael-post__columns-tablet-2 uael-post__columns-mobile-1\">\n\t\t\t\n<div class=\"uael-post-wrapper   podcast uncategorized \">\n\t<div class=\"uael-post__bg-wrap uael-bg-wrap-disabled \">\n\n\t\t\t\t\t<a href=\"https:\/\/www.sabinekatzmair.com\/en\/der-payroll-podcast-episode-7\/\" target=\"_self\" class=\"uael-post__complete-box-overlay\" aria-label=\"Link Complete Box\"><\/a>\n\t\t\t\t\n\t\t<div class=\"uael-post__inner-wrap uael-inner-wrap-disabled\">\n\n\t\t\t\t<div class=\"uael-post__thumbnail\">\n\t\t\t\n\t\t\t<a href=\"https:\/\/www.sabinekatzmair.com\/en\/der-payroll-podcast-episode-7\/\" target=\"_self\" title=\"DER PAYROLL PODCAST &#8211; #7 Smart Payroll &#8211; die n\u00e4chste Generation der Lohnabrechnung\"><img decoding=\"async\" width=\"675\" height=\"450\" src=\"https:\/\/www.sabinekatzmair.com\/wp-content\/uploads\/2024\/07\/Der-Payroll-Podcast-cover.png\" class=\"attachment-full size-full wp-image-4926\" alt=\"\" srcset=\"https:\/\/www.sabinekatzmair.com\/wp-content\/uploads\/2024\/07\/Der-Payroll-Podcast-cover.png 675w, https:\/\/www.sabinekatzmair.com\/wp-content\/uploads\/2024\/07\/Der-Payroll-Podcast-cover-300x200.png 300w\" sizes=\"(max-width: 675px) 100vw, 675px\" \/><\/a>\n\t\t\t\t\t<\/div>\n\t\t\n\t\t\t\n\t\t\t<div class=\"uael-post__content-wrap uael-content-wrap-disabled\">\n\t\t\t\t\t<h3 class=\"uael-post__title\">\n\n\t\t\n\t\t\t\t\t\t<a href=\"https:\/\/www.sabinekatzmair.com\/en\/der-payroll-podcast-episode-7\/\" target=\"_self\">\n\t\t\t\tDER PAYROLL PODCAST &#8211; #7 Smart Payroll &#8211; die n\u00e4chste Generation der Lohnabrechnung\t\t\t<\/a>\n\n\t\t\t\t<\/h3>\n\t\t\t\t\t<div class=\"uael-post__meta-data\">\n\t\t\t\t\t<span class=\"uael-post__date\">\n\t\t\t\t\t\t\t\t\t\t\t\t\t<i aria-hidden=\"true\" class=\"fa fa-calendar\"><\/i>\t\t\t\t\t\t\t\t\t\n\t\t\t25. July 2024\t\t<\/span>\n\t\t\t\t<\/div>\n\t\t\n\t\t<div class=\"uael-post__excerpt\">\n\t\t\tIn der siebten Folge des DER Payroll Podcasts begr\u00fc\u00dfe ich Uwe Klappich, Cluster Lead New Payroll Technology bei SD Worx. SD Worx ist ein gro\u00dfer ...\t\t<\/div>\n\n\t\t\t\t\t<a class=\"uael-post__read-more elementor-button\" href=\"https:\/\/www.sabinekatzmair.com\/en\/der-payroll-podcast-episode-7\/\" target=\"_self\" aria-labelledby=\"uael-post-5930\">\n\t\t\t\t\t<span class=\"elementor-button-content-wrapper\">\n\t\t\t\t\t\t\t\t\t\t\t\t\t\t<span class=\"elementor-button-icon elementor-align-icon-left\">\n\n\t\t\t\t\t\t\t\t\t\n\t\t\t\t\t\t\t\t<\/span>\n\t\t\t\t\t\t\t\t\t\t\t\t\t\n\t\t\t\t\t\t<span class=\"elementor-button-text\" id=uael-post-5930>Weiterlesen \u2192<\/span>\n\t\t\t\t\t<\/span>\n\t\t\t\t<\/a>\n\t\t\t\t\t\t<\/div>\n\t\t\t\n\t\t<\/div>\n\t\t\n\t<\/div>\n\n<\/div>\n\n<div class=\"uael-post-wrapper   podcast uncategorized \">\n\t<div class=\"uael-post__bg-wrap uael-bg-wrap-disabled \">\n\n\t\t\t\t\t<a href=\"https:\/\/www.sabinekatzmair.com\/en\/der-payroll-podcast-episode-6\/\" target=\"_self\" class=\"uael-post__complete-box-overlay\" aria-label=\"Link Complete Box\"><\/a>\n\t\t\t\t\n\t\t<div class=\"uael-post__inner-wrap uael-inner-wrap-disabled\">\n\n\t\t\t\t<div class=\"uael-post__thumbnail\">\n\t\t\t\n\t\t\t<a href=\"https:\/\/www.sabinekatzmair.com\/en\/der-payroll-podcast-episode-6\/\" target=\"_self\" title=\"DER PAYROLL PODCAST &#8211; #6 (Payroll) Fachkr\u00e4ftemangel &#8211; hausgemacht?\"><img decoding=\"async\" width=\"675\" height=\"450\" src=\"https:\/\/www.sabinekatzmair.com\/wp-content\/uploads\/2024\/07\/Der-Payroll-Podcast-cover.png\" class=\"attachment-full size-full wp-image-4926\" alt=\"\" srcset=\"https:\/\/www.sabinekatzmair.com\/wp-content\/uploads\/2024\/07\/Der-Payroll-Podcast-cover.png 675w, https:\/\/www.sabinekatzmair.com\/wp-content\/uploads\/2024\/07\/Der-Payroll-Podcast-cover-300x200.png 300w\" sizes=\"(max-width: 675px) 100vw, 675px\" \/><\/a>\n\t\t\t\t\t<\/div>\n\t\t\n\t\t\t\n\t\t\t<div class=\"uael-post__content-wrap uael-content-wrap-disabled\">\n\t\t\t\t\t<h3 class=\"uael-post__title\">\n\n\t\t\n\t\t\t\t\t\t<a href=\"https:\/\/www.sabinekatzmair.com\/en\/der-payroll-podcast-episode-6\/\" target=\"_self\">\n\t\t\t\tDER PAYROLL PODCAST &#8211; #6 (Payroll) Fachkr\u00e4ftemangel &#8211; hausgemacht?\t\t\t<\/a>\n\n\t\t\t\t<\/h3>\n\t\t\t\t\t<div class=\"uael-post__meta-data\">\n\t\t\t\t\t<span class=\"uael-post__date\">\n\t\t\t\t\t\t\t\t\t\t\t\t\t<i aria-hidden=\"true\" class=\"fa fa-calendar\"><\/i>\t\t\t\t\t\t\t\t\t\n\t\t\t25. July 2024\t\t<\/span>\n\t\t\t\t<\/div>\n\t\t\n\t\t<div class=\"uael-post__excerpt\">\n\t\t\tInsbesondere erfahrene Payroller sind auf dem Markt umworben und gesucht. Diese k\u00f6nnen sich mittlerweile Stellen und Unternehmen aussuchen. Der Arbeitgebermarkt ist schon lange zum Arbeitnehmermarkt ...\t\t<\/div>\n\n\t\t\t\t\t<a class=\"uael-post__read-more elementor-button\" href=\"https:\/\/www.sabinekatzmair.com\/en\/der-payroll-podcast-episode-6\/\" target=\"_self\" aria-labelledby=\"uael-post-5932\">\n\t\t\t\t\t<span class=\"elementor-button-content-wrapper\">\n\t\t\t\t\t\t\t\t\t\t\t\t\t\t<span class=\"elementor-button-icon elementor-align-icon-left\">\n\n\t\t\t\t\t\t\t\t\t\n\t\t\t\t\t\t\t\t<\/span>\n\t\t\t\t\t\t\t\t\t\t\t\t\t\n\t\t\t\t\t\t<span class=\"elementor-button-text\" id=uael-post-5932>Weiterlesen \u2192<\/span>\n\t\t\t\t\t<\/span>\n\t\t\t\t<\/a>\n\t\t\t\t\t\t<\/div>\n\t\t\t\n\t\t<\/div>\n\t\t\n\t<\/div>\n\n<\/div>\n\n<div class=\"uael-post-wrapper   podcast uncategorized \">\n\t<div class=\"uael-post__bg-wrap uael-bg-wrap-disabled \">\n\n\t\t\t\t\t<a href=\"https:\/\/www.sabinekatzmair.com\/en\/der-payroll-podcast-episode-5\/\" target=\"_self\" class=\"uael-post__complete-box-overlay\" aria-label=\"Link Complete Box\"><\/a>\n\t\t\t\t\n\t\t<div class=\"uael-post__inner-wrap uael-inner-wrap-disabled\">\n\n\t\t\t\t<div class=\"uael-post__thumbnail\">\n\t\t\t\n\t\t\t<a href=\"https:\/\/www.sabinekatzmair.com\/en\/der-payroll-podcast-episode-5\/\" target=\"_self\" title=\"DER PAYROLL PODCAST &#8211; #5 Betriebliche Altersversorgung &#8211; Fluch oder Segen f\u00fcr Unternehmen?\"><img decoding=\"async\" width=\"675\" height=\"450\" src=\"https:\/\/www.sabinekatzmair.com\/wp-content\/uploads\/2024\/07\/Der-Payroll-Podcast-cover.png\" class=\"attachment-full size-full wp-image-4926\" alt=\"\" srcset=\"https:\/\/www.sabinekatzmair.com\/wp-content\/uploads\/2024\/07\/Der-Payroll-Podcast-cover.png 675w, https:\/\/www.sabinekatzmair.com\/wp-content\/uploads\/2024\/07\/Der-Payroll-Podcast-cover-300x200.png 300w\" sizes=\"(max-width: 675px) 100vw, 675px\" \/><\/a>\n\t\t\t\t\t<\/div>\n\t\t\n\t\t\t\n\t\t\t<div class=\"uael-post__content-wrap uael-content-wrap-disabled\">\n\t\t\t\t\t<h3 class=\"uael-post__title\">\n\n\t\t\n\t\t\t\t\t\t<a href=\"https:\/\/www.sabinekatzmair.com\/en\/der-payroll-podcast-episode-5\/\" target=\"_self\">\n\t\t\t\tDER PAYROLL PODCAST &#8211; #5 Betriebliche Altersversorgung &#8211; Fluch oder Segen f\u00fcr Unternehmen?\t\t\t<\/a>\n\n\t\t\t\t<\/h3>\n\t\t\t\t\t<div class=\"uael-post__meta-data\">\n\t\t\t\t\t<span class=\"uael-post__date\">\n\t\t\t\t\t\t\t\t\t\t\t\t\t<i aria-hidden=\"true\" class=\"fa fa-calendar\"><\/i>\t\t\t\t\t\t\t\t\t\n\t\t\t25. July 2024\t\t<\/span>\n\t\t\t\t<\/div>\n\t\t\n\t\t<div class=\"uael-post__excerpt\">\n\t\t\tSeit 1974 gibt es die Betriebliche Altersversorgung in Deutschland. Sie ist mit eines der komplexesten Themen, die Lohnabrechner in der Payroll umsetzen m\u00fcssen. In Episode ...\t\t<\/div>\n\n\t\t\t\t\t<a class=\"uael-post__read-more elementor-button\" href=\"https:\/\/www.sabinekatzmair.com\/en\/der-payroll-podcast-episode-5\/\" target=\"_self\" aria-labelledby=\"uael-post-5934\">\n\t\t\t\t\t<span class=\"elementor-button-content-wrapper\">\n\t\t\t\t\t\t\t\t\t\t\t\t\t\t<span class=\"elementor-button-icon elementor-align-icon-left\">\n\n\t\t\t\t\t\t\t\t\t\n\t\t\t\t\t\t\t\t<\/span>\n\t\t\t\t\t\t\t\t\t\t\t\t\t\n\t\t\t\t\t\t<span class=\"elementor-button-text\" id=uael-post-5934>Weiterlesen \u2192<\/span>\n\t\t\t\t\t<\/span>\n\t\t\t\t<\/a>\n\t\t\t\t\t\t<\/div>\n\t\t\t\n\t\t<\/div>\n\t\t\n\t<\/div>\n\n<\/div>\n\n<div class=\"uael-post-wrapper   podcast uncategorized \">\n\t<div class=\"uael-post__bg-wrap uael-bg-wrap-disabled \">\n\n\t\t\t\t\t<a href=\"https:\/\/www.sabinekatzmair.com\/en\/der-payroll-podcast-episode-4\/\" target=\"_self\" class=\"uael-post__complete-box-overlay\" aria-label=\"Link Complete Box\"><\/a>\n\t\t\t\t\n\t\t<div class=\"uael-post__inner-wrap uael-inner-wrap-disabled\">\n\n\t\t\t\t<div class=\"uael-post__thumbnail\">\n\t\t\t\n\t\t\t<a href=\"https:\/\/www.sabinekatzmair.com\/en\/der-payroll-podcast-episode-4\/\" target=\"_self\" title=\"DER PAYROLL PODCAST &#8211; #4 Payroll from anywhere &#8211; wie mobiles Arbeiten gelingt!\"><img decoding=\"async\" width=\"675\" height=\"450\" src=\"https:\/\/www.sabinekatzmair.com\/wp-content\/uploads\/2024\/07\/Der-Payroll-Podcast-cover.png\" class=\"attachment-full size-full wp-image-4926\" alt=\"\" srcset=\"https:\/\/www.sabinekatzmair.com\/wp-content\/uploads\/2024\/07\/Der-Payroll-Podcast-cover.png 675w, https:\/\/www.sabinekatzmair.com\/wp-content\/uploads\/2024\/07\/Der-Payroll-Podcast-cover-300x200.png 300w\" sizes=\"(max-width: 675px) 100vw, 675px\" \/><\/a>\n\t\t\t\t\t<\/div>\n\t\t\n\t\t\t\n\t\t\t<div class=\"uael-post__content-wrap uael-content-wrap-disabled\">\n\t\t\t\t\t<h3 class=\"uael-post__title\">\n\n\t\t\n\t\t\t\t\t\t<a href=\"https:\/\/www.sabinekatzmair.com\/en\/der-payroll-podcast-episode-4\/\" target=\"_self\">\n\t\t\t\tDER PAYROLL PODCAST &#8211; #4 Payroll from anywhere &#8211; wie mobiles Arbeiten gelingt!\t\t\t<\/a>\n\n\t\t\t\t<\/h3>\n\t\t\t\t\t<div class=\"uael-post__meta-data\">\n\t\t\t\t\t<span class=\"uael-post__date\">\n\t\t\t\t\t\t\t\t\t\t\t\t\t<i aria-hidden=\"true\" class=\"fa fa-calendar\"><\/i>\t\t\t\t\t\t\t\t\t\n\t\t\t25. July 2024\t\t<\/span>\n\t\t\t\t<\/div>\n\t\t\n\t\t<div class=\"uael-post__excerpt\">\n\t\t\tIn Episode 4 geht es um das Thema Mobiles Arbeiten. Seit der \u00a0Pandemie arbeiten viele Mitarbeiter vom Home-Office aus, aber zunehmend werden auch andere Arbeitsorte ...\t\t<\/div>\n\n\t\t\t\t\t<a class=\"uael-post__read-more elementor-button\" href=\"https:\/\/www.sabinekatzmair.com\/en\/der-payroll-podcast-episode-4\/\" target=\"_self\" aria-labelledby=\"uael-post-5936\">\n\t\t\t\t\t<span class=\"elementor-button-content-wrapper\">\n\t\t\t\t\t\t\t\t\t\t\t\t\t\t<span class=\"elementor-button-icon elementor-align-icon-left\">\n\n\t\t\t\t\t\t\t\t\t\n\t\t\t\t\t\t\t\t<\/span>\n\t\t\t\t\t\t\t\t\t\t\t\t\t\n\t\t\t\t\t\t<span class=\"elementor-button-text\" id=uael-post-5936>Weiterlesen \u2192<\/span>\n\t\t\t\t\t<\/span>\n\t\t\t\t<\/a>\n\t\t\t\t\t\t<\/div>\n\t\t\t\n\t\t<\/div>\n\t\t\n\t<\/div>\n\n<\/div>\n\t\t\t\t<\/div>\n\t\t\t\t\t\t\n\t\t<\/div>\n\n\t\t\t\t\t\t<\/div>\n\t\t<div class=\"uael-post__footer\">\n\t\t\t\t\t<\/div>\n\t\t\t\t\t\t<\/div>\n\t\t\t\t<\/div>\n\t\t\t\t<div class=\"elementor-element elementor-element-8ac48a2 elementor-shape-rounded elementor-grid-0 e-grid-align-center elementor-widget elementor-widget-social-icons\" data-id=\"8ac48a2\" data-element_type=\"widget\" data-e-type=\"widget\" data-widget_type=\"social-icons.default\">\n\t\t\t\t<div class=\"elementor-widget-container\">\n\t\t\t\t\t\t\t<div class=\"elementor-social-icons-wrapper elementor-grid\" role=\"list\">\n\t\t\t\t\t\t\t<span class=\"elementor-grid-item\" role=\"listitem\">\n\t\t\t\t\t<a class=\"elementor-icon elementor-social-icon elementor-social-icon-apple elementor-repeater-item-fd4d441\" href=\"https:\/\/podcasts.apple.com\/de\/podcast\/der-payroll-podcast\/id1603198591\" target=\"_blank\">\n\t\t\t\t\t\t<span class=\"elementor-screen-only\">Apple<\/span>\n\t\t\t\t\t\t<i aria-hidden=\"true\" class=\"fab fa-apple\"><\/i>\t\t\t\t\t<\/a>\n\t\t\t\t<\/span>\n\t\t\t\t\t\t\t<span class=\"elementor-grid-item\" role=\"listitem\">\n\t\t\t\t\t<a class=\"elementor-icon elementor-social-icon elementor-social-icon-youtube elementor-repeater-item-21b9f14\" href=\"https:\/\/www.youtube.com\/channel\/UChvi_f2dWkDJ5VTlAQrx-fw\" target=\"_blank\">\n\t\t\t\t\t\t<span class=\"elementor-screen-only\">Youtube<\/span>\n\t\t\t\t\t\t<i aria-hidden=\"true\" class=\"fab fa-youtube\"><\/i>\t\t\t\t\t<\/a>\n\t\t\t\t<\/span>\n\t\t\t\t\t\t\t<span class=\"elementor-grid-item\" role=\"listitem\">\n\t\t\t\t\t<a class=\"elementor-icon elementor-social-icon elementor-social-icon-spotify elementor-repeater-item-3805259\" href=\"https:\/\/open.spotify.com\/show\/57OLkxRsCDPN4H9Hrj5pnA\" target=\"_blank\">\n\t\t\t\t\t\t<span class=\"elementor-screen-only\">Spotify<\/span>\n\t\t\t\t\t\t<i aria-hidden=\"true\" class=\"fab fa-spotify\"><\/i>\t\t\t\t\t<\/a>\n\t\t\t\t<\/span>\n\t\t\t\t\t\t\t<span class=\"elementor-grid-item\" role=\"listitem\">\n\t\t\t\t\t<a class=\"elementor-icon elementor-social-icon elementor-social-icon-amazon elementor-repeater-item-5e7af54\" target=\"_blank\">\n\t\t\t\t\t\t<span class=\"elementor-screen-only\">Amazon<\/span>\n\t\t\t\t\t\t<i aria-hidden=\"true\" class=\"fab fa-amazon\"><\/i>\t\t\t\t\t<\/a>\n\t\t\t\t<\/span>\n\t\t\t\t\t<\/div>\n\t\t\t\t\t\t<\/div>\n\t\t\t\t<\/div>\n\t\t\t\t<div class=\"elementor-element elementor-element-ae7f428 elementor-widget elementor-widget-spacer\" data-id=\"ae7f428\" data-element_type=\"widget\" data-e-type=\"widget\" data-widget_type=\"spacer.default\">\n\t\t\t\t<div class=\"elementor-widget-container\">\n\t\t\t\t\t\t\t<div class=\"elementor-spacer\">\n\t\t\t<div class=\"elementor-spacer-inner\"><\/div>\n\t\t<\/div>\n\t\t\t\t\t\t<\/div>\n\t\t\t\t<\/div>\n\t\t\t\t\t<\/div>\n\t\t\t\t<\/div>\n\t\t\t\t<\/div>\n\t\t","protected":false},"excerpt":{"rendered":"<p>For Payroll Insider &#8211; Listen to the future of payroll! Der Payroll PodcasT In January 2022, I started my own podcast on payroll topics. This was the first\u00a0 podcast on payroll\u00a0 in Germany. Episode 1 to 7 is in German Language. Episode 8 is in English! Immerse yourself in the future of payroll with The [&hellip;]<\/p>\n","protected":false},"author":2,"featured_media":8418,"parent":0,"menu_order":0,"comment_status":"closed","ping_status":"closed","template":"","meta":{"_seopress_robots_primary_cat":"","_seopress_titles_title":"","_seopress_titles_desc":"","_seopress_robots_index":"","iawp_total_views":32,"footnotes":""},"class_list":["post-3538","page","type-page","status-publish","has-post-thumbnail","hentry"],"_links":{"self":[{"href":"https:\/\/www.sabinekatzmair.com\/en\/wp-json\/wp\/v2\/pages\/3538","targetHints":{"allow":["GET"]}}],"collection":[{"href":"https:\/\/www.sabinekatzmair.com\/en\/wp-json\/wp\/v2\/pages"}],"about":[{"href":"https:\/\/www.sabinekatzmair.com\/en\/wp-json\/wp\/v2\/types\/page"}],"author":[{"embeddable":true,"href":"https:\/\/www.sabinekatzmair.com\/en\/wp-json\/wp\/v2\/users\/2"}],"replies":[{"embeddable":true,"href":"https:\/\/www.sabinekatzmair.com\/en\/wp-json\/wp\/v2\/comments?post=3538"}],"version-history":[{"count":5,"href":"https:\/\/www.sabinekatzmair.com\/en\/wp-json\/wp\/v2\/pages\/3538\/revisions"}],"predecessor-version":[{"id":8310,"href":"https:\/\/www.sabinekatzmair.com\/en\/wp-json\/wp\/v2\/pages\/3538\/revisions\/8310"}],"wp:featuredmedia":[{"embeddable":true,"href":"https:\/\/www.sabinekatzmair.com\/en\/wp-json\/wp\/v2\/media\/8418"}],"wp:attachment":[{"href":"https:\/\/www.sabinekatzmair.com\/en\/wp-json\/wp\/v2\/media?parent=3538"}],"curies":[{"name":"wp","href":"https:\/\/api.w.org\/{rel}","templated":true}]}}